{"id":264,"date":"2021-05-27T03:36:35","date_gmt":"2021-05-27T03:36:35","guid":{"rendered":"https:\/\/pequenaraiz.com\/?page_id=264"},"modified":"2025-02-13T19:05:07","modified_gmt":"2025-02-14T01:05:07","slug":"politica-de-privacidad","status":"publish","type":"page","link":"https:\/\/pequenaraiz.com\/mx\/politica-de-privacidad\/","title":{"rendered":"Pol\u00edtica de Privacidad"},"content":{"rendered":"<p>[et_pb_section fb_built=&#8221;1&#8243; _builder_version=&#8221;4.27.0&#8243; _module_preset=&#8221;default&#8221; global_colors_info=&#8221;{}&#8221;][et_pb_row _builder_version=&#8221;4.27.0&#8243; _module_preset=&#8221;default&#8221; global_colors_info=&#8221;{}&#8221;][et_pb_column type=&#8221;4_4&#8243; _builder_version=&#8221;4.27.0&#8243; _module_preset=&#8221;default&#8221; global_colors_info=&#8221;{}&#8221;][et_pb_text _builder_version=&#8221;4.16&#8243; _module_preset=&#8221;default&#8221; header_font=&#8221;Marcellus SC|700|||||||&#8221; header_text_align=&#8221;center&#8221; header_font_size=&#8221;45px&#8221; header_letter_spacing=&#8221;2px&#8221; global_colors_info=&#8221;{}&#8221;]<\/p>\n<h1>POL\u00cdTICA DE PRIVACIDAD<\/h1>\n<p>[\/et_pb_text][et_pb_text content_last_edited=&#8221;off|desktop&#8221; _builder_version=&#8221;4.27.4&#8243; _module_preset=&#8221;default&#8221; text_font=&#8221;Marcellus|600|||||||&#8221; text_font_size=&#8221;20px&#8221; header_3_font=&#8221;Marcellus SC|700|||||||&#8221; header_3_text_color=&#8221;#515151&#8243; hover_enabled=&#8221;0&#8243; global_colors_info=&#8221;{}&#8221; sticky_enabled=&#8221;0&#8243;]<\/p>\n<p><span style=\"font-weight: 400;\">Esta Pol\u00edtica de Privacidad describe c\u00f3mo se recopila, utiliza y comparte su informaci\u00f3n personal cuando vis\u00edta o realiza una compra en www.pequenaraiz.com (nuestro &#8220;Sitio Web&#8221;).<\/span><\/p>\n<h3><strong>Informaci\u00f3n personal que recopilamos:<\/strong><\/h3>\n<p><span style=\"font-weight: 400;\">Cuando visita el Sitio Web, recopilamos autom\u00e1ticamente cierta informaci\u00f3n sobre su dispositivo, incluida informaci\u00f3n sobre su navegador web, direcci\u00f3n IP, zona horaria y algunas de las cookies que est\u00e1n instaladas en su dispositivo. Adem\u00e1s, a medida que navega por el Sitio Web, recopilamos informaci\u00f3n sobre las p\u00e1ginas web individuales o los productos que ve, qu\u00e9 sitios web o t\u00e9rminos de b\u00fasqueda lo remitieron a nuestro Sitio e informaci\u00f3n sobre c\u00f3mo interact\u00faa usted con el Sitio. Nos referimos a esta informaci\u00f3n recopilada autom\u00e1ticamente como &#8220;Informaci\u00f3n del dispositivo&#8221;.<\/span><\/p>\n<h3><strong>Recopilamos informaci\u00f3n del dispositivo utilizando las siguientes tecnolog\u00edas:<\/strong><\/h3>\n<p><span style=\"font-weight: 400;\">&#8211; Las &#8220;cookies&#8221; son archivos de datos que se colocan en su dispositivo o computadora y, a menudo, incluyen un identificador \u00fanico an\u00f3nimo. Para obtener m\u00e1s informaci\u00f3n sobre las cookies y c\u00f3mo deshabilitarlas, visite http:\/\/www.allaboutcookies.org.<\/span><\/p>\n<p><span style=\"font-weight: 400;\">&#8211; Los \u201carchivos de registro\u201d rastrean las acciones que ocurren en el Sitio y recopilan datos, incluida su direcci\u00f3n IP, tipo de navegador, proveedor de servicios de Internet, p\u00e1ginas de referencia\/salida y marcas de fecha\/hora.<\/span><\/p>\n<p><span style=\"font-weight: 400;\">&#8211; Las &#8220;balizas web&#8221;, las &#8220;etiquetas&#8221; y los &#8220;p\u00edxeles&#8221; son archivos electr\u00f3nicos que se utilizan para registrar informaci\u00f3n sobre c\u00f3mo navega por el Sitio.<\/span><\/p>\n<p><span style=\"font-weight: 400;\">Adem\u00e1s, cuando realiza una compra o intenta realizar una compra a trav\u00e9s del Sitio, recopilamos cierta informaci\u00f3n suya, incluido su nombre, direcci\u00f3n de facturaci\u00f3n, direcci\u00f3n de env\u00edo, informaci\u00f3n de pago (incluidos n\u00fameros de tarjetas de cr\u00e9dito, otros tipos de pagos aceptados, direcci\u00f3n de correo electr\u00f3nico, y n\u00famero de tel\u00e9fono. Nos referimos a esta informaci\u00f3n como &#8220;Informaci\u00f3n de pedido&#8221;.<\/span><\/p>\n<p><span style=\"font-weight: 400;\">Cuando hablamos de \u201cInformaci\u00f3n personal\u201d en esta Pol\u00edtica de Privacidad, nos referimos tanto a la Informaci\u00f3n del dispositivo como a la Informaci\u00f3n del pedido (a ambas).<\/span><\/p>\n<h3><strong>\u00bfC\u00f3mo usamos tu informaci\u00f3n personal?<\/strong><\/h3>\n<p><span style=\"font-weight: 400;\">Usamos la informaci\u00f3n del pedido que recopilamos generalmente para cumplir con cualquier pedido realizado a trav\u00e9s del Sitio (incluido el procesamiento de su informaci\u00f3n de pago, la organizaci\u00f3n del env\u00edo y el env\u00edo de facturas y \/ o confirmaciones de pedido).\u00a0<\/span><\/p>\n<p><span style=\"font-weight: 400;\">Adem\u00e1s, utilizamos esta informaci\u00f3n de pedido para:<\/span><\/p>\n<p><span style=\"font-weight: 400;\">&#8211; Comunicarnos contigo;<\/span><\/p>\n<p><span style=\"font-weight: 400;\">&#8211; Examinar nuestros pedidos para detectar posibles riesgos o fraudes; y<\/span><\/p>\n<p><span style=\"font-weight: 400;\">&#8211; Basados en las preferencias que usted comparti\u00f3 con nosotros, la informaci\u00f3n que usted nos\u00a0 ha compartido, se utilizara para proporcionarle informaci\u00f3n o publicidad relacionada con nuestros productos o servicios.<\/span><\/p>\n<p><span style=\"font-weight: 400;\">Usamos la Informaci\u00f3n del dispositivo que recopilamos para ayudarnos a detectar posibles riesgos y fraudes (en particular, su direcci\u00f3n IP) y, de manera m\u00e1s general, para mejorar y optimizar nuestro Sitio (por ejemplo, generando an\u00e1lisis sobre c\u00f3mo nuestros clientes navegan e interact\u00faan con el Sitio, y para evaluar el \u00e9xito de nuestras campa\u00f1as de marketing y publicidad), as\u00ed como con fines publicitarios \/ de reorientaci\u00f3n.<\/span><\/p>\n<h3><strong>Compartiendo su informaci\u00f3n personal<\/strong><\/h3>\n<p><span style=\"font-weight: 400;\">Compartimos su informaci\u00f3n personal con terceros para ayudarnos a utilizar su informaci\u00f3n personal, como se describe anteriormente. Por ejemplo, usamos\u00a0 los servicios de la plataforma de Shopify para impulsar nuestra tienda en l\u00ednea; puede leer m\u00e1s sobre c\u00f3mo Shopify usa su informaci\u00f3n personal aqu\u00ed: https:\/\/www.shopify.com\/legal\/privacy. Tambi\u00e9n utilizamos Google Analytics para ayudarnos a comprender c\u00f3mo nuestros clientes usan el Sitio; puede leer m\u00e1s sobre c\u00f3mo Google usa su informaci\u00f3n personal aqu\u00ed: https:\/\/www.google.com\/intl\/en\/policies\/privacy\/. Tambi\u00e9n puede optar por no participar en Google Analytics aqu\u00ed: https:\/\/tools.google.com\/dlpage\/gaoptout.<\/span><\/p>\n<p><span style=\"font-weight: 400;\">Finalmente, tambi\u00e9n podemos compartir su informaci\u00f3n personal para cumplir con las leyes y regulaciones aplicables, para responder a una citaci\u00f3n, orden de registro u otra solicitud legal de informaci\u00f3n que recibimos, o para proteger nuestros derechos.<\/span><\/p>\n<h3><strong>Publicidad comportamental<\/strong><\/h3>\n<p><span style=\"font-weight: 400;\">Como se describi\u00f3 anteriormente, utilizamos su informaci\u00f3n personal para proporcionarle anuncios dirigidos o comunicaciones de marketing que creemos que pueden ser de su inter\u00e9s. Para obtener m\u00e1s informaci\u00f3n sobre c\u00f3mo funciona la publicidad dirigida, puede visitar la p\u00e1gina educativa de Network Advertising Initiative (&#8220;NAI&#8221;) en http:\/\/www.networkadvertising.org\/understanding-online-advertising\/how-does-it-work.<\/span><\/p>\n<p><span style=\"font-weight: 400;\">Puede optar por no recibir publicidad dirigida utilizando los enlaces a continuaci\u00f3n:<\/span><\/p>\n<p><span style=\"font-weight: 400;\">&#8211; Facebook: https:\/\/www.facebook.com\/settings\/?tab=ads<\/span><\/p>\n<p><span style=\"font-weight: 400;\">&#8211; Google: https:\/\/www.google.com\/settings\/ads\/anonymous<\/span><\/p>\n<p><span style=\"font-weight: 400;\">&#8211; Bing: https:\/\/advertise.bingads.microsoft.com\/en-us\/resources\/policies\/personalized-ads<\/span><\/p>\n<p><span style=\"font-weight: 400;\">Adem\u00e1s, puede optar por no participar en algunos de estos servicios visitando el portal de exclusi\u00f3n voluntaria de Digital Advertising Alliance en: http:\/\/optout.aboutads.info\/.<\/span><\/p>\n<h3><strong>No rastrear<\/strong><\/h3>\n<p><span style=\"font-weight: 400;\">Tenga en cuenta que no modificamos las pr\u00e1cticas de uso y recopilaci\u00f3n de datos de nuestro Sitio cuando vemos una se\u00f1al de No rastrear desde su navegador.<\/span><\/p>\n<h3><strong>Tus derechos<\/strong><\/h3>\n<p><span style=\"font-weight: 400;\">Si es un residente mexicano, tiene derecho a acceder a la informaci\u00f3n personal que tenemos sobre usted y a solicitar que se corrija, actualice o elimine su informaci\u00f3n personal. Si desea ejercer este derecho, comun\u00edquese con nosotros a trav\u00e9s de la informaci\u00f3n de contacto a continuaci\u00f3n: <\/span><a href=\"mailto:raicilla@pequenaraiz.com\"><span style=\"font-weight: 400;\">raicilla@pequenaraiz.com<\/span><\/a><span style=\"font-weight: 400;\">\u00a0<\/span><\/p>\n<p><span style=\"font-weight: 400;\">Adem\u00e1s, si usted es un residente mexicano, notamos que estamos procesando su informaci\u00f3n para cumplir con los contratos que podr\u00edamos tener con usted (por ejemplo, si realiza un pedido a trav\u00e9s del Sitio) o para perseguir nuestros intereses comerciales leg\u00edtimos enumerados anteriormente. Adem\u00e1s, tenga en cuenta que su informaci\u00f3n se transferir\u00e1 fuera de M\u00e9xico, incluidos Canad\u00e1 y Estados Unidos.<\/span><\/p>\n<h3><strong>Retenci\u00f3n de datos<\/strong><\/h3>\n<p><span style=\"font-weight: 400;\">Cuando realiza un pedido a trav\u00e9s del Sitio, mantendremos su informaci\u00f3n de pedido para nuestros registros a menos que y hasta que nos solicite que eliminemos esta informaci\u00f3n.<\/span><\/p>\n<h3><strong>Cambios<\/strong><\/h3>\n<p><span style=\"font-weight: 400;\">Podemos actualizar esta Pol\u00edtica de Privacidad sin previo aviso y nos reservamos el derecho para hacerlo, por ejemplo,\u00a0 para cambios en nuestras pr\u00e1cticas o por otras razones operativas, legales o reglamentarias.<\/span><\/p>\n<h3><strong>RESTRICCI\u00d3N DE EDAD<\/strong><\/h3>\n<h3><strong>Menores<\/strong><\/h3>\n<p><span style=\"font-weight: 400;\">El Sitio no est\u00e1 destinado a personas menores de 18 a\u00f1os, o cualquier otra edad por debajo de la edad legal para beber en el pa\u00eds de origen, o pa\u00eds de residencia, o pa\u00eds del que est\u00e1 visitando o que tiene la intenci\u00f3n de comprar.\u00a0<\/span><\/p>\n<h3><strong>Cont\u00e1ctenos<\/strong><\/h3>\n<p><span style=\"font-weight: 400;\">Para obtener m\u00e1s informaci\u00f3n sobre nuestras pr\u00e1cticas de privacidad, o si tiene alguna preguntas, o si desea presentar una queja, o sugerencia, por favor comun\u00edquese con nosotros por\u00a0 medio del correo electr\u00f3nico: <\/span><a href=\"mailto:raicilla@pequenaraiz.com\"><span style=\"font-weight: 400;\">raicilla@pequenaraiz.com<\/span><\/a><\/p>\n<p>[\/et_pb_text][\/et_pb_column][\/et_pb_row][\/et_pb_section]<\/p>\n","protected":false},"excerpt":{"rendered":"<p>POL\u00cdTICA DE PRIVACIDADEsta Pol\u00edtica de Privacidad describe c\u00f3mo se recopila, utiliza y comparte su informaci\u00f3n personal cuando vis\u00edta o realiza una compra en www.pequenaraiz.com (nuestro &#8220;Sitio Web&#8221;). Informaci\u00f3n personal que recopilamos: Cuando visita el Sitio Web, recopilamos autom\u00e1ticamente cierta informaci\u00f3n sobre su dispositivo, incluida informaci\u00f3n sobre su navegador web, direcci\u00f3n IP, zona horaria y algunas [&hellip;]<\/p>\n","protected":false},"author":1,"featured_media":0,"parent":0,"menu_order":0,"comment_status":"closed","ping_status":"closed","template":"","meta":{"_et_pb_use_builder":"on","_et_pb_old_content":"","_et_gb_content_width":"","footnotes":""},"class_list":["post-264","page","type-page","status-publish","hentry"],"jetpack_shortlink":"https:\/\/wp.me\/PcZ2Fa-4g","jetpack_sharing_enabled":true,"_links":{"self":[{"href":"https:\/\/pequenaraiz.com\/mx\/wp-json\/wp\/v2\/pages\/264","targetHints":{"allow":["GET"]}}],"collection":[{"href":"https:\/\/pequenaraiz.com\/mx\/wp-json\/wp\/v2\/pages"}],"about":[{"href":"https:\/\/pequenaraiz.com\/mx\/wp-json\/wp\/v2\/types\/page"}],"author":[{"embeddable":true,"href":"https:\/\/pequenaraiz.com\/mx\/wp-json\/wp\/v2\/users\/1"}],"replies":[{"embeddable":true,"href":"https:\/\/pequenaraiz.com\/mx\/wp-json\/wp\/v2\/comments?post=264"}],"version-history":[{"count":14,"href":"https:\/\/pequenaraiz.com\/mx\/wp-json\/wp\/v2\/pages\/264\/revisions"}],"predecessor-version":[{"id":3247,"href":"https:\/\/pequenaraiz.com\/mx\/wp-json\/wp\/v2\/pages\/264\/revisions\/3247"}],"wp:attachment":[{"href":"https:\/\/pequenaraiz.com\/mx\/wp-json\/wp\/v2\/media?parent=264"}],"curies":[{"name":"wp","href":"https:\/\/api.w.org\/{rel}","templated":true}]}}