{"id":2526,"date":"2024-09-21T17:14:27","date_gmt":"2024-09-21T23:14:27","guid":{"rendered":"https:\/\/pequenaraiz.com\/?page_id=2526"},"modified":"2025-02-13T01:24:25","modified_gmt":"2025-02-13T07:24:25","slug":"raices","status":"publish","type":"page","link":"https:\/\/pequenaraiz.com\/us\/raices\/","title":{"rendered":"raices"},"content":{"rendered":"<p>[et_pb_section fb_built=&#8221;1&#8243; specialty=&#8221;on&#8221; _builder_version=&#8221;4.27.4&#8243; _module_preset=&#8221;default&#8221; background_enable_color=&#8221;off&#8221; background_image=&#8221;https:\/\/pequenaraiz.com\/wp-content\/uploads\/2025\/02\/texture_background.jpg&#8221; background_size=&#8221;stretch&#8221; custom_padding=&#8221;||0px||false|false&#8221; global_colors_info=&#8221;{}&#8221;][et_pb_column type=&#8221;1_2&#8243; _builder_version=&#8221;4.16&#8243; custom_padding=&#8221;|||&#8221; global_colors_info=&#8221;{}&#8221; custom_padding__hover=&#8221;|||&#8221;][et_pb_image src=&#8221;https:\/\/pequenaraiz.com\/wp-content\/uploads\/2025\/02\/1-raices_fresnohueco.png&#8221; title_text=&#8221;1&#8212;raices_fresnohueco&#8221; _builder_version=&#8221;4.27.4&#8243; _module_preset=&#8221;default&#8221; global_colors_info=&#8221;{}&#8221;][\/et_pb_image][\/et_pb_column][et_pb_column type=&#8221;1_2&#8243; specialty_columns=&#8221;2&#8243; _builder_version=&#8221;4.16&#8243; custom_padding=&#8221;|||&#8221; global_colors_info=&#8221;{}&#8221; custom_padding__hover=&#8221;|||&#8221;][et_pb_row_inner _builder_version=&#8221;4.27.4&#8243; _module_preset=&#8221;default&#8221; custom_margin=&#8221;||0px||false|false&#8221; custom_padding=&#8221;||0px||false|false&#8221; global_colors_info=&#8221;{}&#8221;][et_pb_column_inner saved_specialty_column_type=&#8221;1_2&#8243; _builder_version=&#8221;4.27.4&#8243; _module_preset=&#8221;default&#8221; global_colors_info=&#8221;{}&#8221;][et_pb_text _builder_version=&#8221;4.27.4&#8243; _module_preset=&#8221;default&#8221; text_font=&#8221;Arial||||||||&#8221; text_font_size=&#8221;22px&#8221; header_3_font=&#8221;Marcellus||||||||&#8221; header_3_text_color=&#8221;#FFFFFF&#8221; custom_margin=&#8221;||10px||false|false&#8221; custom_margin_tablet=&#8221;&#8221; custom_margin_phone=&#8221;||10px||false|false&#8221; custom_margin_last_edited=&#8221;on|phone&#8221; custom_padding=&#8221;||3px|||&#8221; custom_padding_tablet=&#8221;||3px|||&#8221; custom_padding_phone=&#8221;||0px||false|false&#8221; custom_padding_last_edited=&#8221;on|phone&#8221; hover_enabled=&#8221;0&#8243; header_3_font_size_tablet=&#8221;&#8221; header_3_font_size_phone=&#8221;21px&#8221; header_3_font_size_last_edited=&#8221;on|phone&#8221; global_colors_info=&#8221;{}&#8221; sticky_enabled=&#8221;0&#8243;]<\/p>\n<h3>En el coraz\u00f3n de Cuautla, Jalisco, existe un rinc\u00f3n lleno de historia llamado Fresno Hueco, donde en el pasado, las tabernas serv\u00edan de refugio y punto de encuentro para los viajeros y comerciantes que transitaban por los caminos hacia las minas de Tototl\u00e1n del Oro.<\/h3>\n<p>[\/et_pb_text][et_pb_text _builder_version=&#8221;4.27.4&#8243; _module_preset=&#8221;default&#8221; text_font=&#8221;Arial||||||||&#8221; text_font_size=&#8221;22px&#8221; header_3_font=&#8221;Marcellus||||||||&#8221; header_3_text_color=&#8221;#FFFFFF&#8221; custom_margin_tablet=&#8221;&#8221; custom_margin_phone=&#8221;||10px||false|false&#8221; custom_margin_last_edited=&#8221;on|phone&#8221; custom_padding=&#8221;||3px|||&#8221; custom_padding_tablet=&#8221;||3px|||&#8221; custom_padding_phone=&#8221;||0px||false|false&#8221; custom_padding_last_edited=&#8221;on|phone&#8221; hover_enabled=&#8221;0&#8243; header_3_font_size_tablet=&#8221;&#8221; header_3_font_size_phone=&#8221;21px&#8221; header_3_font_size_last_edited=&#8221;on|phone&#8221; global_colors_info=&#8221;{}&#8221; sticky_enabled=&#8221;0&#8243;]<\/p>\n<h3>Esta regi\u00f3n es una tierra rica en recursos naturales, como los bosques de donde se extra\u00edan valiosas maderas y las minas de minerales preciosos. Sin embargo, hab\u00eda un tesoro a\u00fan m\u00e1s valioso que las riquezas extra\u00eddas del suelo: la Raicilla.<\/h3>\n<p>[\/et_pb_text][\/et_pb_column_inner][\/et_pb_row_inner][et_pb_row_inner _builder_version=&#8221;4.27.4&#8243; _module_preset=&#8221;default&#8221; custom_padding=&#8221;0px||||false|false&#8221; global_colors_info=&#8221;{}&#8221;][et_pb_column_inner saved_specialty_column_type=&#8221;1_2&#8243; _builder_version=&#8221;4.27.4&#8243; _module_preset=&#8221;default&#8221; global_colors_info=&#8221;{}&#8221;][et_pb_image src=&#8221;https:\/\/pequenaraiz.com\/wp-content\/uploads\/2025\/02\/2-raices_casita.png&#8221; title_text=&#8221;2&#8212;raices_casita&#8221; show_bottom_space=&#8221;off&#8221; _builder_version=&#8221;4.27.4&#8243; _module_preset=&#8221;default&#8221; global_colors_info=&#8221;{}&#8221;][\/et_pb_image][\/et_pb_column_inner][\/et_pb_row_inner][\/et_pb_column][\/et_pb_section][et_pb_section fb_built=&#8221;1&#8243; specialty=&#8221;on&#8221; _builder_version=&#8221;4.27.4&#8243; _module_preset=&#8221;default&#8221; background_color=&#8221;#0c0e0f&#8221; background_image=&#8221;https:\/\/pequenaraiz.com\/wp-content\/uploads\/2025\/02\/texture_background.jpg&#8221; background_size=&#8221;stretch&#8221; custom_padding=&#8221;0px||0px||false|false&#8221; global_colors_info=&#8221;{}&#8221;][et_pb_column type=&#8221;1_2&#8243; specialty_columns=&#8221;2&#8243; _builder_version=&#8221;4.16&#8243; custom_padding=&#8221;|||&#8221; global_colors_info=&#8221;{}&#8221; custom_padding__hover=&#8221;|||&#8221;][et_pb_row_inner _builder_version=&#8221;4.27.4&#8243; _module_preset=&#8221;default&#8221; global_colors_info=&#8221;{}&#8221;][et_pb_column_inner saved_specialty_column_type=&#8221;1_2&#8243; _builder_version=&#8221;4.27.4&#8243; _module_preset=&#8221;default&#8221; global_colors_info=&#8221;{}&#8221;][et_pb_text _builder_version=&#8221;4.27.4&#8243; _module_preset=&#8221;default&#8221; text_font=&#8221;Arial||||||||&#8221; text_font_size=&#8221;22px&#8221; header_3_font=&#8221;Marcellus||||||||&#8221; header_3_text_color=&#8221;#FFFFFF&#8221; custom_margin=&#8221;0px||10px||false|false&#8221; custom_margin_tablet=&#8221;&#8221; custom_margin_phone=&#8221;||10px||false|false&#8221; custom_margin_last_edited=&#8221;on|phone&#8221; custom_padding=&#8221;||3px|||&#8221; custom_padding_tablet=&#8221;||3px|||&#8221; custom_padding_phone=&#8221;||0px||false|false&#8221; custom_padding_last_edited=&#8221;on|phone&#8221; header_3_font_size_tablet=&#8221;&#8221; header_3_font_size_phone=&#8221;21px&#8221; header_3_font_size_last_edited=&#8221;on|phone&#8221; global_colors_info=&#8221;{}&#8221;]<\/p>\n<h3>En este entorno tan ligado a la tierra y las tradiciones, surge la historia de una familia que, en 1956, dedicaba su vida a mantener viva esa noble tradici\u00f3n.<\/h3>\n<p>[\/et_pb_text][et_pb_text _builder_version=&#8221;4.27.4&#8243; _module_preset=&#8221;default&#8221; text_font=&#8221;Arial||||||||&#8221; text_font_size=&#8221;22px&#8221; header_3_font=&#8221;Marcellus||||||||&#8221; header_3_text_color=&#8221;#FFFFFF&#8221; custom_margin=&#8221;||0px||false|false&#8221; custom_margin_tablet=&#8221;&#8221; custom_margin_phone=&#8221;||0px||false|false&#8221; custom_margin_last_edited=&#8221;on|phone&#8221; custom_padding=&#8221;||0px||false|false&#8221; custom_padding_tablet=&#8221;||3px|||&#8221; custom_padding_phone=&#8221;||0px||false|false&#8221; custom_padding_last_edited=&#8221;on|phone&#8221; header_3_font_size_tablet=&#8221;&#8221; header_3_font_size_phone=&#8221;21px&#8221; header_3_font_size_last_edited=&#8221;on|phone&#8221; global_colors_info=&#8221;{}&#8221;]<\/p>\n<h3>Un joven, el mayor de los hijos, impulsado por su deseo de trascender, decidi\u00f3 casarse y junto a su esposa, Domitila, mudarse y forjar su propio destino en la misma tradici\u00f3n familiar: la elaboraci\u00f3n de este elixir, un destilado que encarnaba las profundas ra\u00edces de su tierra.<\/h3>\n<p>[\/et_pb_text][\/et_pb_column_inner][\/et_pb_row_inner][et_pb_row_inner _builder_version=&#8221;4.27.4&#8243; _module_preset=&#8221;default&#8221; custom_margin=&#8221;0px||0px||false|false&#8221; custom_padding=&#8221;0px||0px||false|false&#8221; global_colors_info=&#8221;{}&#8221;][et_pb_column_inner saved_specialty_column_type=&#8221;1_2&#8243; _builder_version=&#8221;4.27.4&#8243; _module_preset=&#8221;default&#8221; global_colors_info=&#8221;{}&#8221;][et_pb_image src=&#8221;https:\/\/pequenaraiz.com\/wp-content\/uploads\/2025\/02\/4-raices_familia.png&#8221; title_text=&#8221;4&#8212;raices_familia&#8221; _builder_version=&#8221;4.27.4&#8243; _module_preset=&#8221;default&#8221; global_colors_info=&#8221;{}&#8221;][\/et_pb_image][\/et_pb_column_inner][\/et_pb_row_inner][\/et_pb_column][et_pb_column type=&#8221;1_2&#8243; _builder_version=&#8221;4.16&#8243; custom_padding=&#8221;|||&#8221; global_colors_info=&#8221;{}&#8221; custom_padding__hover=&#8221;|||&#8221;][et_pb_image src=&#8221;https:\/\/pequenaraiz.com\/wp-content\/uploads\/2025\/02\/3-raices_domitilaEsposo.png&#8221; title_text=&#8221;3&#8212;raices_domitilaEsposo&#8221; _builder_version=&#8221;4.27.4&#8243; _module_preset=&#8221;default&#8221; global_colors_info=&#8221;{}&#8221;][\/et_pb_image][\/et_pb_column][\/et_pb_section][et_pb_section fb_built=&#8221;1&#8243; specialty=&#8221;on&#8221; _builder_version=&#8221;4.27.4&#8243; _module_preset=&#8221;default&#8221; background_color=&#8221;#0c0e0f&#8221; background_image=&#8221;https:\/\/pequenaraiz.com\/wp-content\/uploads\/2025\/02\/texture_background.jpg&#8221; background_size=&#8221;stretch&#8221; custom_padding=&#8221;0px||0px||false|false&#8221; global_colors_info=&#8221;{}&#8221;][et_pb_column type=&#8221;1_2&#8243; _builder_version=&#8221;4.16&#8243; custom_padding=&#8221;|||&#8221; global_colors_info=&#8221;{}&#8221; custom_padding__hover=&#8221;|||&#8221;][et_pb_text _builder_version=&#8221;4.27.4&#8243; _module_preset=&#8221;default&#8221; text_font=&#8221;Arial||||||||&#8221; text_font_size=&#8221;22px&#8221; header_3_font=&#8221;Marcellus||||||||&#8221; header_3_text_color=&#8221;#FFFFFF&#8221; custom_margin=&#8221;||0px||false|false&#8221; custom_margin_tablet=&#8221;&#8221; custom_margin_phone=&#8221;||10px||false|false&#8221; custom_margin_last_edited=&#8221;on|phone&#8221; custom_padding=&#8221;||0px||false|false&#8221; custom_padding_tablet=&#8221;||3px|||&#8221; custom_padding_phone=&#8221;||0px||false|false&#8221; custom_padding_last_edited=&#8221;off|desktop&#8221; header_3_font_size_tablet=&#8221;&#8221; header_3_font_size_phone=&#8221;21px&#8221; header_3_font_size_last_edited=&#8221;on|phone&#8221; global_colors_info=&#8221;{}&#8221;]<\/p>\n<h3>Cada d\u00eda, entre el calor del horno y el aroma del agave cocido, Domitila y su esposo dedicaban sus almas a perfeccionar cada gota de Raicilla, manteniendo vivo el legado que generaciones antes que ellos, hab\u00edan creado. Pero el destino es caprichoso, y un fat\u00eddico accidente le arrebat\u00f3 a Domitila a su compa\u00f1ero de vida y a uno de sus hijos. En medio del dolor, y con ocho hijos por criar, Domitila decidi\u00f3 no rendirse. Al contrario, tom\u00f3 el control del negocio familiar y, con el apoyo de sus hijos, continu\u00f3 destilando para salir adelante, como un tributo a su esposo, y a la herencia de su familia.<\/h3>\n<p>[\/et_pb_text][et_pb_image src=&#8221;https:\/\/pequenaraiz.com\/wp-content\/uploads\/2025\/02\/5-raices_hijos.png&#8221; title_text=&#8221;5&#8212;raices_hijos&#8221; show_bottom_space=&#8221;off&#8221; _builder_version=&#8221;4.27.4&#8243; _module_preset=&#8221;default&#8221; global_colors_info=&#8221;{}&#8221;][\/et_pb_image][\/et_pb_column][et_pb_column type=&#8221;1_2&#8243; specialty_columns=&#8221;2&#8243; _builder_version=&#8221;4.16&#8243; custom_padding=&#8221;|||&#8221; global_colors_info=&#8221;{}&#8221; custom_padding__hover=&#8221;|||&#8221;][et_pb_row_inner _builder_version=&#8221;4.27.4&#8243; _module_preset=&#8221;default&#8221; global_colors_info=&#8221;{}&#8221;][et_pb_column_inner saved_specialty_column_type=&#8221;1_2&#8243; _builder_version=&#8221;4.27.4&#8243; _module_preset=&#8221;default&#8221; global_colors_info=&#8221;{}&#8221;][et_pb_image src=&#8221;https:\/\/pequenaraiz.com\/wp-content\/uploads\/2025\/02\/6-raices_domitila.png&#8221; title_text=&#8221;6&#8212;raices_domitila&#8221; _builder_version=&#8221;4.27.4&#8243; _module_preset=&#8221;default&#8221; global_colors_info=&#8221;{}&#8221;][\/et_pb_image][\/et_pb_column_inner][\/et_pb_row_inner][\/et_pb_column][\/et_pb_section][et_pb_section fb_built=&#8221;1&#8243; _builder_version=&#8221;4.27.4&#8243; _module_preset=&#8221;default&#8221; background_color=&#8221;#0c0e0f&#8221; background_image=&#8221;https:\/\/pequenaraiz.com\/wp-content\/uploads\/2025\/02\/texture_background.jpg&#8221; custom_padding=&#8221;0px||0px||false|false&#8221; global_colors_info=&#8221;{}&#8221;][et_pb_row _builder_version=&#8221;4.27.4&#8243; _module_preset=&#8221;default&#8221; global_colors_info=&#8221;{}&#8221;][et_pb_column type=&#8221;4_4&#8243; _builder_version=&#8221;4.27.4&#8243; _module_preset=&#8221;default&#8221; global_colors_info=&#8221;{}&#8221;][et_pb_text _builder_version=&#8221;4.27.4&#8243; _module_preset=&#8221;default&#8221; text_font=&#8221;Arial||||||||&#8221; text_font_size=&#8221;22px&#8221; header_3_font=&#8221;Marcellus||||||||&#8221; header_3_text_color=&#8221;#FFFFFF&#8221; custom_margin_tablet=&#8221;&#8221; custom_margin_phone=&#8221;||10px||false|false&#8221; custom_margin_last_edited=&#8221;on|phone&#8221; custom_padding=&#8221;||3px|||&#8221; custom_padding_tablet=&#8221;||3px|||&#8221; custom_padding_phone=&#8221;||0px||false|false&#8221; custom_padding_last_edited=&#8221;on|phone&#8221; header_3_font_size_tablet=&#8221;&#8221; header_3_font_size_phone=&#8221;21px&#8221; header_3_font_size_last_edited=&#8221;on|phone&#8221; global_colors_info=&#8221;{}&#8221;]<\/p>\n<h3>Con los a\u00f1os, su esfuerzo y coraje convirtieron su Raicilla en un s\u00edmbolo no solo de calidad, sino de leyenda. Hoy, ya en sus a\u00f1os dorados, Do\u00f1a Domitila sigue destilando, mientras sus hijos contin\u00faan su legado, demostrando que el verdadero esp\u00edritu de la raicilla no solo se encuentra en su sabor, sino en la historia de amor, sacrificio y tenacidad que embotella cada gota. Una historia que nunca se apaga, sino que arde como el mismo fuego de los hornos que destilan su \u201cPeque\u00f1a Ra\u00edz\u201d, su Raicilla.<\/h3>\n<p>[\/et_pb_text][\/et_pb_column][\/et_pb_row][\/et_pb_section]<\/p>\n","protected":false},"excerpt":{"rendered":"<p>En el coraz\u00f3n de Cuautla, Jalisco, existe un rinc\u00f3n lleno de historia llamado Fresno Hueco, donde en el pasado, las tabernas serv\u00edan de refugio y punto de encuentro para los viajeros y comerciantes que transitaban por los caminos hacia las minas de Tototl\u00e1n del Oro.Esta regi\u00f3n es una tierra rica en recursos naturales, como los [&hellip;]<\/p>\n","protected":false},"author":1,"featured_media":0,"parent":0,"menu_order":0,"comment_status":"closed","ping_status":"closed","template":"","meta":{"_et_pb_use_builder":"on","_et_pb_old_content":"<!-- wp:divi\/placeholder \/-->","_et_gb_content_width":"","footnotes":""},"class_list":["post-2526","page","type-page","status-publish","hentry"],"jetpack_shortlink":"https:\/\/wp.me\/PcZ2Fa-EK","jetpack_sharing_enabled":true,"_links":{"self":[{"href":"https:\/\/pequenaraiz.com\/us\/wp-json\/wp\/v2\/pages\/2526","targetHints":{"allow":["GET"]}}],"collection":[{"href":"https:\/\/pequenaraiz.com\/us\/wp-json\/wp\/v2\/pages"}],"about":[{"href":"https:\/\/pequenaraiz.com\/us\/wp-json\/wp\/v2\/types\/page"}],"author":[{"embeddable":true,"href":"https:\/\/pequenaraiz.com\/us\/wp-json\/wp\/v2\/users\/1"}],"replies":[{"embeddable":true,"href":"https:\/\/pequenaraiz.com\/us\/wp-json\/wp\/v2\/comments?post=2526"}],"version-history":[{"count":37,"href":"https:\/\/pequenaraiz.com\/us\/wp-json\/wp\/v2\/pages\/2526\/revisions"}],"predecessor-version":[{"id":3241,"href":"https:\/\/pequenaraiz.com\/us\/wp-json\/wp\/v2\/pages\/2526\/revisions\/3241"}],"wp:attachment":[{"href":"https:\/\/pequenaraiz.com\/us\/wp-json\/wp\/v2\/media?parent=2526"}],"curies":[{"name":"wp","href":"https:\/\/api.w.org\/{rel}","templated":true}]}}