{"id":2564,"date":"2024-09-22T12:48:09","date_gmt":"2024-09-22T18:48:09","guid":{"rendered":"https:\/\/pequenaraiz.com\/?page_id=2564"},"modified":"2025-01-08T19:32:12","modified_gmt":"2025-01-09T01:32:12","slug":"raicilla_blanco","status":"publish","type":"page","link":"https:\/\/pequenaraiz.com\/us\/raicilla_blanco\/","title":{"rendered":"raicilla_blanco"},"content":{"rendered":"<p>[et_pb_section fb_built=&#8221;1&#8243; _builder_version=&#8221;4.27.4&#8243; _module_preset=&#8221;default&#8221; custom_padding=&#8221;0px||40px||false|false&#8221; hover_enabled=&#8221;0&#8243; global_colors_info=&#8221;{}&#8221; custom_padding_last_edited=&#8221;on|phone&#8221; custom_padding_phone=&#8221;0px||10px||false|false&#8221; sticky_enabled=&#8221;0&#8243; custom_padding_tablet=&#8221;0px||40px||false|false&#8221;][et_pb_row column_structure=&#8221;2_5,3_5&#8243; _builder_version=&#8221;4.27.4&#8243; _module_preset=&#8221;default&#8221; hover_enabled=&#8221;0&#8243; global_colors_info=&#8221;{}&#8221; custom_margin_last_edited=&#8221;on|phone&#8221; custom_padding_last_edited=&#8221;on|phone&#8221; custom_padding_phone=&#8221;15px||||false|false&#8221; sticky_enabled=&#8221;0&#8243;][et_pb_column type=&#8221;2_5&#8243; _builder_version=&#8221;4.27.0&#8243; _module_preset=&#8221;default&#8221; global_colors_info=&#8221;{}&#8221;][wdcl_image_carousel nav_pagi=&#8221;nav_pagi&#8221; is_variable_width=&#8221;on&#8221; slide_width=&#8221;416px&#8221; arrow_color=&#8221;#515151&#8243; arrow_bg=&#8221;#FFFFFF&#8221; pagi_pos_y=&#8221;5px&#8221; pagi_spacing=&#8221;5px&#8221; slide_width_tablet=&#8221;575px&#8221; slide_width_phone=&#8221;350px&#8221; slide_width_last_edited=&#8221;on|tablet&#8221; carousel_spacing_top_tablet=&#8221;0px&#8221; carousel_spacing_top_phone=&#8221;0px&#8221; carousel_spacing_top_last_edited=&#8221;on|tablet&#8221; _builder_version=&#8221;4.27.4&#8243; _module_preset=&#8221;default&#8221; width_tablet=&#8221;83%&#8221; width_phone=&#8221;90%&#8221; width_last_edited=&#8221;on|tablet&#8221; max_width=&#8221;100%&#8221; max_width_tablet=&#8221;83%&#8221; max_width_phone=&#8221;90%&#8221; max_width_last_edited=&#8221;on|tablet&#8221; module_alignment=&#8221;center&#8221; custom_margin_tablet=&#8221;|||0px|false|false&#8221; custom_margin_phone=&#8221;|||0px|false|false&#8221; custom_margin_last_edited=&#8221;on|tablet&#8221; custom_padding=&#8221;|||0px|false|false&#8221; custom_padding_tablet=&#8221;|||0px|false|false&#8221; custom_padding_phone=&#8221;|||0px|false|false&#8221; custom_padding_last_edited=&#8221;on|tablet&#8221; hover_enabled=&#8221;0&#8243; global_colors_info=&#8221;{}&#8221; sticky_enabled=&#8221;0&#8243;][wdcl_image_carousel_child photo=&#8221;https:\/\/pequenaraiz.com\/wp-content\/uploads\/2025\/01\/blanco_slide1.jpg&#8221; _builder_version=&#8221;4.27.4&#8243; hover_enabled=&#8221;0&#8243; global_colors_info=&#8221;{}&#8221; sticky_enabled=&#8221;0&#8243; content_alignment=&#8221;center&#8221; custom_margin_last_edited=&#8221;on|phone&#8221; custom_padding_last_edited=&#8221;on|phone&#8221; custom_padding_phone=&#8221;|||0px|false|false&#8221; custom_margin_phone=&#8221;|||-25px|false|false&#8221;][\/wdcl_image_carousel_child][wdcl_image_carousel_child photo=&#8221;https:\/\/pequenaraiz.com\/wp-content\/uploads\/2025\/01\/blanco_slide2.jpg&#8221; _builder_version=&#8221;4.27.4&#8243; hover_enabled=&#8221;0&#8243; global_colors_info=&#8221;{}&#8221; custom_margin_last_edited=&#8221;on|phone&#8221; custom_margin_phone=&#8221;|||-25px|false|false&#8221; sticky_enabled=&#8221;0&#8243;][\/wdcl_image_carousel_child][\/wdcl_image_carousel][\/et_pb_column][et_pb_column type=&#8221;3_5&#8243; _builder_version=&#8221;4.27.0&#8243; _module_preset=&#8221;default&#8221; global_colors_info=&#8221;{}&#8221;][et_pb_text _builder_version=&#8221;4.27.4&#8243; _module_preset=&#8221;default&#8221; header_font=&#8221;Marcellus SC|700|||||||&#8221; header_font_size=&#8221;35px&#8221; header_line_height=&#8221;0.7em&#8221; header_3_font=&#8221;Marcellus||||||||&#8221; custom_margin=&#8221;25px||||false|false&#8221; global_colors_info=&#8221;{}&#8221;]<\/p>\n<h3>PEQUE\u00d1A RAIZ<\/h3>\n<h1>BLANCO<\/h1>\n<p>[\/et_pb_text][et_pb_text _builder_version=&#8221;4.27.4&#8243; _module_preset=&#8221;default&#8221; text_font=&#8221;Marcellus||||||||&#8221; text_font_size=&#8221;20px&#8221; hover_enabled=&#8221;0&#8243; global_colors_info=&#8221;{}&#8221; sticky_enabled=&#8221;0&#8243;]<\/p>\n<p>Peque\u00f1a Ra\u00edz Blanco es un destilado artesanal de Agave Maximiliana, con notas frescas de bosque, c\u00edtricos y especias que brindan un sabor complejo y un retrogusto suave y refrescante. Elaborado a mano, honra las t\u00e9cnicas ancestrales de la tradici\u00f3n Raicillera.<\/p>\n<p>[\/et_pb_text][et_pb_text _builder_version=&#8221;4.27.2&#8243; _module_preset=&#8221;default&#8221; text_font=&#8221;Marcellus||||||||&#8221; text_font_size=&#8221;20px&#8221; global_colors_info=&#8221;{}&#8221;]<\/p>\n<h3><strong><img loading=\"lazy\" decoding=\"async\" src=\"https:\/\/pequenaraiz.com\/wp-content\/uploads\/2024\/10\/product_aroma-1-300x225.png\" width=\"36\" height=\"27\" alt=\"\" class=\"wp-image-2813 alignnone size-medium\" \/>\u00a0AROMA<\/strong><\/h3>\n<p>Evoca la fragancia de un bosque de roble y pino despu\u00e9s de la lluvia: vibrante y fresco, donde notas herbales, c\u00edtricas y frutales se entrelazan en una sinfon\u00eda cautivadora.<\/p>\n<p>[\/et_pb_text][et_pb_text _builder_version=&#8221;4.27.2&#8243; _module_preset=&#8221;default&#8221; text_font=&#8221;Marcellus||||||||&#8221; text_font_size=&#8221;20px&#8221; global_colors_info=&#8221;{}&#8221;]<\/p>\n<h3><strong><img loading=\"lazy\" decoding=\"async\" src=\"https:\/\/pequenaraiz.com\/wp-content\/uploads\/2024\/10\/product_sabor-1-300x225.png\" width=\"36\" height=\"27\" alt=\"\" class=\"wp-image-2814 alignnone size-medium\" \/>SABOR<\/strong><\/h3>\n<p>Las notas c\u00edtricas de lim\u00f3n y toronja se combinan con toques herbales, aportando frescura al paladar. Un ligero picor especiado a\u00f1ade complejidad, mientras su suavidad y persistencia dejan una sensaci\u00f3n limpia y refrescante en el retrogusto.<\/p>\n<p>[\/et_pb_text][\/et_pb_column][\/et_pb_row][\/et_pb_section]<\/p>\n","protected":false},"excerpt":{"rendered":"<p><div class=\"et_pb_module wdcl_image_carousel wdcl_image_carousel_0\">\n\t\t\t\t\n\t\t\t\t\n\t\t\t\t\n\t\t\t\t\n\t\t\t\t\n\t\t\t\t\n\t\t\t\t<div class=\"et_pb_module_inner\">\n\t\t\t\t\t<div dir=\"ltr\" class=\"dcf-container dcf-carousel-maker dcf-lightbox-disabled\" data-pagi=\"true\"\n\t\t\tdata-pagi-tablet=\"true\"\n\t\t\tdata-pagi-phone=\"true\"\n\t\t\tdata-nav=\"true\"\n\t\t\tdata-nav-tablet=\"true\"\n\t\t\tdata-nav-phone=\"true\"\n\t\t\tdata-autoplay=\"on\"\n\t\t\tdata-autoplay-speed=\"2000ms\"\n\t\t\tdata-speed=\"700ms\"\n\t\t\tdata-slides=\"3\"\n\t\t\tdata-slides-tablet=\"3\"\n\t\t\tdata-slides-phone=\"3\"\n\t\t\tdata-center=\"off\"\n\t\t\tdata-center-mode-type=\"classic\"\n\t\t\tdata-center-padding=\"70px||\"\n\t\t\tdata-vertical=\"off\"\n\t\t\tdata-icon-left=\"4\"\n\t\t\tdata-icon-right=\"5\"\n\t\t\tdata-infinite=\"on\"\n\t\t\tdata-variable-width=\"on\"\n\t\t\tdata-auto-height=\"off\"\n\t\t\tdata-items-scroll=\"1||\"\n\t\t\tdata-fade=\"off\"\n\t\t\tdata-dir=\"ltr\">\n                <div class=\"wdcl_image_carousel_child wdcl_image_carousel_child_0 wdc_et_pb_module\">\n\t\t\t\t\n\t\t\t\t\n\t\t\t\t\n\t\t\t\t\n\t\t\t\t\n\t\t\t\t\n\t\t\t\t<div class=\"et_pb_module_inner\">\n\t\t\t\t\t<div class=\"dcf-carousel-item dcf-image-swap dcf-hover--none\">\n\t\t\t\t<figure class=\"dcf-lightbox-ctrl\">\n\t\t\t\t<div class=\"dcf-overlay\" data-icon=\"\"><\/div>\n\t\t\t\t<img decoding=\"async\" class=\"dcf-main-img\" data-mfp-src=\"https:\/\/pequenaraiz.com\/wp-content\/uploads\/2025\/01\/blanco_slide1.jpg\" src=\"https:\/\/pequenaraiz.com\/wp-content\/uploads\/2025\/01\/blanco_slide1.jpg\" alt=\"\"\/>\n            <\/figure> \n\t\t\t<\/div>\n\t\t\t\t<\/div>\n\t\t\t<\/div><div class=\"wdcl_image_carousel_child wdcl_image_carousel_child_1 wdc_et_pb_module\">\n\t\t\t\t\n\t\t\t\t\n\t\t\t\t\n\t\t\t\t\n\t\t\t\t\n\t\t\t\t\n\t\t\t\t<div class=\"et_pb_module_inner\">\n\t\t\t\t\t<div class=\"dcf-carousel-item dcf-image-swap dcf-hover--none\">\n\t\t\t\t<figure class=\"dcf-lightbox-ctrl\">\n\t\t\t\t<div class=\"dcf-overlay\" data-icon=\"\"><\/div>\n\t\t\t\t<img decoding=\"async\" class=\"dcf-main-img\" data-mfp-src=\"https:\/\/pequenaraiz.com\/wp-content\/uploads\/2025\/01\/blanco_slide2.jpg\" src=\"https:\/\/pequenaraiz.com\/wp-content\/uploads\/2025\/01\/blanco_slide2.jpg\" alt=\"\"\/>\n            <\/figure> \n\t\t\t<\/div>\n\t\t\t\t<\/div>\n\t\t\t<\/div>\n            <\/div>\n\t\t\t\t<\/div>\n\t\t\t<\/div>PEQUE\u00d1A RAIZ BLANCOPeque\u00f1a Ra\u00edz Blanco [&hellip;]<\/p>\n","protected":false},"author":1,"featured_media":0,"parent":0,"menu_order":0,"comment_status":"closed","ping_status":"closed","template":"","meta":{"_et_pb_use_builder":"on","_et_pb_old_content":"<!-- wp:divi\/placeholder \/-->","_et_gb_content_width":"","footnotes":""},"class_list":["post-2564","page","type-page","status-publish","hentry"],"jetpack_shortlink":"https:\/\/wp.me\/PcZ2Fa-Fm","jetpack_sharing_enabled":true,"_links":{"self":[{"href":"https:\/\/pequenaraiz.com\/us\/wp-json\/wp\/v2\/pages\/2564","targetHints":{"allow":["GET"]}}],"collection":[{"href":"https:\/\/pequenaraiz.com\/us\/wp-json\/wp\/v2\/pages"}],"about":[{"href":"https:\/\/pequenaraiz.com\/us\/wp-json\/wp\/v2\/types\/page"}],"author":[{"embeddable":true,"href":"https:\/\/pequenaraiz.com\/us\/wp-json\/wp\/v2\/users\/1"}],"replies":[{"embeddable":true,"href":"https:\/\/pequenaraiz.com\/us\/wp-json\/wp\/v2\/comments?post=2564"}],"version-history":[{"count":37,"href":"https:\/\/pequenaraiz.com\/us\/wp-json\/wp\/v2\/pages\/2564\/revisions"}],"predecessor-version":[{"id":3084,"href":"https:\/\/pequenaraiz.com\/us\/wp-json\/wp\/v2\/pages\/2564\/revisions\/3084"}],"wp:attachment":[{"href":"https:\/\/pequenaraiz.com\/us\/wp-json\/wp\/v2\/media?parent=2564"}],"curies":[{"name":"wp","href":"https:\/\/api.w.org\/{rel}","templated":true}]}}